{"id":12652,"date":"2023-02-13T17:39:09","date_gmt":"2023-02-13T17:39:09","guid":{"rendered":"https:\/\/regionalrenaissance.com\/?page_id=12652"},"modified":"2023-02-13T20:02:45","modified_gmt":"2023-02-13T20:02:45","slug":"servicios","status":"publish","type":"page","link":"https:\/\/regionalrenaissance.com\/en\/servicios\/","title":{"rendered":"Services"},"content":{"rendered":"\t\t<div data-elementor-type=\"wp-page\" data-elementor-id=\"12652\" class=\"elementor elementor-12652\">\n\t\t\t\t\t\t<header class=\"elementor-section elementor-top-section elementor-element elementor-element-86b5086 elementor-section-full_width background-transparent elementor-section-height-default elementor-section-height-default\" data-id=\"86b5086\" data-element_type=\"section\" data-settings=\"{&quot;background_background&quot;:&quot;classic&quot;}\">\n\t\t\t\t\t\t\t<div class=\"elementor-background-overlay\"><\/div>\n\t\t\t\t\t\t\t<div class=\"elementor-container elementor-column-gap-no\">\n\t\t\t\t\t<div class=\"elementor-column elementor-col-100 elementor-top-column elementor-element elementor-element-4450f2 container background-transparent\" data-id=\"4450f2\" data-element_type=\"column\">\n\t\t\t<div class=\"elementor-widget-wrap elementor-element-populated\">\n\t\t\t\t\t\t<div class=\"elementor-element elementor-element-3c6c8820 elementor-align-left background-transparent elementor-widget elementor-widget-dsn_heading\" data-id=\"3c6c8820\" data-element_type=\"widget\" data-widget_type=\"dsn_heading.default\">\n\t\t\t\t<div class=\"elementor-widget-container\">\n\t\t\t\t\t<h1 class=\"title-h2 dsn-heading-title d-inline-block p-relative     \">SERVICIOS<\/h1>\t\t\t\t<\/div>\n\t\t\t\t<\/div>\n\t\t\t\t\t<\/div>\n\t\t<\/div>\n\t\t\t\t\t<\/div>\n\t\t<\/header>\n\t\t\t\t<div class=\"elementor-section elementor-top-section elementor-element elementor-element-296b5097 mb-section elementor-section-full_width background-transparent elementor-section-height-default elementor-section-height-default\" data-id=\"296b5097\" data-element_type=\"section\">\n\t\t\t\t\t\t<div class=\"elementor-container elementor-column-gap-no\">\n\t\t\t\t\t<div class=\"elementor-column elementor-col-100 elementor-top-column elementor-element elementor-element-67c5eece background-transparent\" data-id=\"67c5eece\" data-element_type=\"column\">\n\t\t\t<div class=\"elementor-widget-wrap elementor-element-populated\">\n\t\t\t\t\t\t<div class=\"elementor-element elementor-element-7dd15234 elementor-absolute elementor-hidden-tablet elementor-hidden-mobile dsn-equal-height h-100 elementor-widget elementor-widget-dsn_bg_mask\" data-id=\"7dd15234\" data-element_type=\"widget\" data-settings=\"{&quot;_position&quot;:&quot;absolute&quot;}\" data-widget_type=\"dsn_bg_mask.default\">\n\t\t\t\t<div class=\"elementor-widget-container\">\n\t\t\t\t\t<div class=\"dsn-bg-mask  background-section\"><\/div>\t\t\t\t<\/div>\n\t\t\t\t<\/div>\n\t\t\t\t<section class=\"elementor-section elementor-inner-section elementor-element elementor-element-7067d405 dsn-container elementor-section-full_width background-transparent elementor-section-height-default elementor-section-height-default\" data-id=\"7067d405\" data-element_type=\"section\">\n\t\t\t\t\t\t<div class=\"elementor-container elementor-column-gap-no\">\n\t\t\t\t\t<div class=\"elementor-column elementor-col-100 elementor-inner-column elementor-element elementor-element-4500da88 background-transparent\" data-id=\"4500da88\" data-element_type=\"column\">\n\t\t\t<div class=\"elementor-widget-wrap elementor-element-populated\">\n\t\t\t\t\t\t<div class=\"elementor-element elementor-element-135bca23 service-with-img elementor-align-center dsn-icon-heading-color icon-top elementor-widget elementor-widget-dsn_service\" data-id=\"135bca23\" data-element_type=\"widget\" data-widget_type=\"dsn_service.default\">\n\t\t\t\t<div class=\"elementor-widget-container\">\n\t\t\t\t\t<div class=\"dsn-grid-layout  dsn-grid  dsn-service  icon-top\" data-dsn-iso=\"135bca23\">\n\n    <div class=\"service-item p-relative grid-item style-box v-light background-transparent\" >\n\n        <div class=\"service-item-inner number-item h-100\">\n\t\t\t<div class=\"service-content p-relative\"><h4 class=\"service_title  title-block \">Asesor\u00eda comunicacional<\/h4>  <\/div>\n        <\/div>\n    <\/div>\n\t\n\n    <div class=\"service-item p-relative grid-item style-box v-light background-transparent\" >\n\n        <div class=\"service-item-inner number-item h-100\">\n\t\t\t<div class=\"service-content p-relative\"><h4 class=\"service_title  title-block \">Investigaci\u00f3n, an\u00e1lisis y propuestas de pol\u00edticas p\u00fablicas<\/h4>  <\/div>\n        <\/div>\n    <\/div>\n\t\n\n    <div class=\"service-item p-relative grid-item style-box v-light background-transparent\" >\n\n        <div class=\"service-item-inner number-item h-100\">\n\t\t\t<div class=\"service-content p-relative\"><h4 class=\"service_title  title-block \">Implementaci\u00f3n de campa\u00f1as digitales<\/h4>  <\/div>\n        <\/div>\n    <\/div>\n\t\n\n<\/div>\t\t\t\t<\/div>\n\t\t\t\t<\/div>\n\t\t\t\t<div class=\"elementor-element elementor-element-484ac9ad service-with-img elementor-align-center dsn-icon-heading-color icon-top elementor-widget elementor-widget-dsn_service\" data-id=\"484ac9ad\" data-element_type=\"widget\" data-widget_type=\"dsn_service.default\">\n\t\t\t\t<div class=\"elementor-widget-container\">\n\t\t\t\t\t<div class=\"dsn-grid-layout  dsn-grid  dsn-service  icon-top\" data-dsn-iso=\"484ac9ad\">\n\n    <div class=\"service-item p-relative grid-item style-box  background-transparent\" >\n\n        <div class=\"service-item-inner number-item h-100\">\n\t\t\t<div class=\"service-content p-relative\"><h4 class=\"service_title  title-block \">Conferencias<\/h4>  <\/div>\n        <\/div>\n    <\/div>\n\t\n\n    <div class=\"service-item p-relative grid-item style-box  background-transparent\" >\n\n        <div class=\"service-item-inner number-item h-100\">\n\t\t\t<div class=\"service-content p-relative\"><h4 class=\"service_title  title-block \">Campa\u00f1as publicitarias<\/h4>  <\/div>\n        <\/div>\n    <\/div>\n\t\n\n    <div class=\"service-item p-relative grid-item style-box  background-transparent\" >\n\n        <div class=\"service-item-inner number-item h-100\">\n\t\t\t<div class=\"service-content p-relative\"><h4 class=\"service_title  title-block \">Relaciones p\u00fablicas<\/h4>  <\/div>\n        <\/div>\n    <\/div>\n\t\n\n<\/div>\t\t\t\t<\/div>\n\t\t\t\t<\/div>\n\t\t\t\t<div class=\"elementor-element elementor-element-28e50e4a service-with-img elementor-align-center dsn-icon-heading-color icon-top elementor-widget elementor-widget-dsn_service\" data-id=\"28e50e4a\" data-element_type=\"widget\" data-widget_type=\"dsn_service.default\">\n\t\t\t\t<div class=\"elementor-widget-container\">\n\t\t\t\t\t<div class=\"dsn-grid-layout  dsn-grid  dsn-service  icon-top\" data-dsn-iso=\"28e50e4a\">\n\n    <div class=\"service-item p-relative grid-item style-box  background-transparent\" >\n\n        <div class=\"service-item-inner number-item h-100\">\n\t\t\t<div class=\"service-content p-relative\"><h4 class=\"service_title  title-block \">Redacci\u00f3n de discursos<\/h4>  <\/div>\n        <\/div>\n    <\/div>\n\t\n\n    <div class=\"service-item p-relative grid-item style-box  background-transparent\" >\n\n        <div class=\"service-item-inner number-item h-100\">\n\t\t\t<div class=\"service-content p-relative\"><h4 class=\"service_title  title-block \">Informes FODA<\/h4>  <\/div>\n        <\/div>\n    <\/div>\n\t\n\n    <div class=\"service-item p-relative grid-item style-box  background-transparent\" >\n\n        <div class=\"service-item-inner number-item h-100\">\n\t\t\t<div class=\"service-content p-relative\"><h4 class=\"service_title  title-block \">Llevamos a candidatos pol\u00edticos a posiciones de poder<\/h4>  <\/div>\n        <\/div>\n    <\/div>\n\t\n\n<\/div>\t\t\t\t<\/div>\n\t\t\t\t<\/div>\n\t\t\t\t\t<\/div>\n\t\t<\/div>\n\t\t\t\t\t<\/div>\n\t\t<\/section>\n\t\t\t\t\t<\/div>\n\t\t<\/div>\n\t\t\t\t\t<\/div>\n\t\t<\/div>\n\t\t\t\t<section class=\"elementor-section elementor-top-section elementor-element elementor-element-124547b7 section-margin container elementor-section-full_width background-transparent elementor-section-height-default elementor-section-height-default\" data-id=\"124547b7\" data-element_type=\"section\">\n\t\t\t\t\t\t<div class=\"elementor-container elementor-column-gap-no\">\n\t\t\t\t\t<div class=\"elementor-column elementor-col-50 elementor-top-column elementor-element elementor-element-6cde7f4 background-transparent\" data-id=\"6cde7f4\" data-element_type=\"column\">\n\t\t\t<div class=\"elementor-widget-wrap elementor-element-populated\">\n\t\t\t\t\t\t<div data-dsn-animation=\"{&quot;from&quot;:[],&quot;to&quot;:[],&quot;option&quot;:{&quot;scrub&quot;:&quot;&quot;,&quot;pin&quot;:true,&quot;markers&quot;:false,&quot;start&quot;:&quot;80px&quot;,&quot;end&quot;:&quot;+=200-{{height}}&quot;,&quot;trigger&quot;:&quot;#element_pint&quot;},&quot;responsive&quot;:[&quot;desktop&quot;,&quot;tablet&quot;]}\" class=\"elementor-element elementor-element-51c632db background-transparent elementor-widget elementor-widget-dsn_heading\" data-id=\"51c632db\" data-element_type=\"widget\" data-widget_type=\"dsn_heading.default\">\n\t\t\t\t<div class=\"elementor-widget-container\">\n\t\t\t\t\t<span class=\"title-h2 dsn-heading-title d-inline-block p-relative  heading-color   \">Requisitos para <b>trabajar, contratar<\/b> con nosotros o convertirse en <b> nuestro aliado<\/b>\n<\/span>\t\t\t\t<\/div>\n\t\t\t\t<\/div>\n\t\t\t\t\t<\/div>\n\t\t<\/div>\n\t\t\t\t<div class=\"elementor-column elementor-col-50 elementor-top-column elementor-element elementor-element-69647b28 background-transparent\" data-id=\"69647b28\" data-element_type=\"column\">\n\t\t\t<div class=\"elementor-widget-wrap elementor-element-populated\">\n\t\t\t\t\t\t<div class=\"elementor-element elementor-element-a4dbdff elementor-widget elementor-widget-dsn_list\" data-id=\"a4dbdff\" data-element_type=\"widget\" data-widget_type=\"dsn_list.default\">\n\t\t\t\t<div class=\"elementor-widget-container\">\n\t\t\t\t\t<ul class=\"dsn-grid-layout  dsn-grid  dsn-list\" data-dsn-iso=\"a4dbdff\">    <li class=\"list-item grid-item d-flex align-items-center elementor-repeater-item-4d3f0de  background-transparent\" >\n\t\t            <span class=\"dsn-icon mr-15\"><i class=\"far fa-arrow-alt-circle-right\"><\/i><\/span>\n\t\t<p class=\"dsn-heading-title  \">Querer luchar por un mundo mejor.<\/p>\n\n    <\/li>\n\n\n    <li class=\"list-item grid-item d-flex align-items-center elementor-repeater-item-427fbb2  background-transparent\" >\n\t\t            <span class=\"dsn-icon mr-15\"><i class=\"far fa-arrow-alt-circle-right\"><\/i><\/span>\n\t\t<p class=\"dsn-heading-title  \">Trabajar para sacar a millones de personas de la pobreza promoviendo pol\u00edticas econ\u00f3micas que permitan la generaci\u00f3n de empresas, empleo y riquezas.<\/p>\n\n    <\/li>\n\n\n    <li class=\"list-item grid-item d-flex align-items-center elementor-repeater-item-ec2d226  background-transparent\" >\n\t\t            <span class=\"dsn-icon mr-15\"><i class=\"far fa-arrow-alt-circle-right\"><\/i><\/span>\n\t\t<p class=\"dsn-heading-title  \">No discriminar positiva o negativamente a ning\u00fan individuo.<\/p>\n\n    <\/li>\n\n\n    <li class=\"list-item grid-item d-flex align-items-center elementor-repeater-item-a079161  background-transparent\" >\n\t\t            <span class=\"dsn-icon mr-15\"><i class=\"far fa-arrow-alt-circle-right\"><\/i><\/span>\n\t\t<p class=\"dsn-heading-title  \">Ser un fan\u00e1tico del libre discurso y la democracia.<\/p>\n\n    <\/li>\n\n\n    <li class=\"list-item grid-item d-flex align-items-center elementor-repeater-item-caf5470  background-transparent\" >\n\t\t            <span class=\"dsn-icon mr-15\"><i class=\"far fa-arrow-alt-circle-right\"><\/i><\/span>\n\t\t<p class=\"dsn-heading-title  \">No pertenecer a organizaciones con afinidad ideol\u00f3gica por reg\u00edmenes totalitarios o genocidas, como es el caso del comunismo, nazismo, fascismo o socialismo.<\/p>\n\n    <\/li>\n\n\n<\/ul>\t\t\t\t<\/div>\n\t\t\t\t<\/div>\n\t\t\t\t\t<\/div>\n\t\t<\/div>\n\t\t\t\t\t<\/div>\n\t\t<\/section>\n\t\t\t\t<\/div>\n\t\t","protected":false},"excerpt":{"rendered":"<p>SERVICIOS Asesor\u00eda comunicacional Investigaci\u00f3n, an\u00e1lisis y propuestas de pol\u00edticas p\u00fablicas Implementaci\u00f3n de campa\u00f1as digitales Conferencias Campa\u00f1as publicitarias Relaciones p\u00fablicas Redacci\u00f3n de discursos Informes FODA Llevamos a candidatos pol\u00edticos a posiciones de poder Requisitos para trabajar, contratar con nosotros o convertirse en nuestro aliado Querer luchar por un mundo mejor. Trabajar para sacar a millones de [&hellip;]<\/p>\n","protected":false},"author":1,"featured_media":0,"parent":0,"menu_order":0,"comment_status":"closed","ping_status":"closed","template":"","meta":{"_monsterinsights_skip_tracking":false,"_monsterinsights_sitenote_active":false,"_monsterinsights_sitenote_note":"","_monsterinsights_sitenote_category":0,"footnotes":""},"aioseo_notices":[],"acf":[],"_links":{"self":[{"href":"https:\/\/regionalrenaissance.com\/en\/wp-json\/wp\/v2\/pages\/12652"}],"collection":[{"href":"https:\/\/regionalrenaissance.com\/en\/wp-json\/wp\/v2\/pages"}],"about":[{"href":"https:\/\/regionalrenaissance.com\/en\/wp-json\/wp\/v2\/types\/page"}],"author":[{"embeddable":true,"href":"https:\/\/regionalrenaissance.com\/en\/wp-json\/wp\/v2\/users\/1"}],"replies":[{"embeddable":true,"href":"https:\/\/regionalrenaissance.com\/en\/wp-json\/wp\/v2\/comments?post=12652"}],"version-history":[{"count":16,"href":"https:\/\/regionalrenaissance.com\/en\/wp-json\/wp\/v2\/pages\/12652\/revisions"}],"predecessor-version":[{"id":12724,"href":"https:\/\/regionalrenaissance.com\/en\/wp-json\/wp\/v2\/pages\/12652\/revisions\/12724"}],"wp:attachment":[{"href":"https:\/\/regionalrenaissance.com\/en\/wp-json\/wp\/v2\/media?parent=12652"}],"curies":[{"name":"wp","href":"https:\/\/api.w.org\/{rel}","templated":true}]}}