{"id":3747,"date":"2022-08-15T17:41:29","date_gmt":"2022-08-15T17:41:29","guid":{"rendered":"https:\/\/dsngrid.com\/blackdsn\/?page_id=3747"},"modified":"2023-03-28T08:30:45","modified_gmt":"2023-03-28T08:30:45","slug":"quienes-somos","status":"publish","type":"page","link":"https:\/\/regionalrenaissance.com\/en\/quienes-somos\/","title":{"rendered":"Who We Are?"},"content":{"rendered":"\t\t<div data-elementor-type=\"wp-page\" data-elementor-id=\"3747\" class=\"elementor elementor-3747\">\n\t\t\t\t\t\t<header class=\"elementor-section elementor-top-section elementor-element elementor-element-86b5086 elementor-section-full_width background-transparent elementor-section-height-default elementor-section-height-default\" data-id=\"86b5086\" data-element_type=\"section\" data-settings=\"{&quot;background_background&quot;:&quot;classic&quot;}\">\n\t\t\t\t\t\t\t<div class=\"elementor-background-overlay\"><\/div>\n\t\t\t\t\t\t\t<div class=\"elementor-container elementor-column-gap-no\">\n\t\t\t\t\t<div class=\"elementor-column elementor-col-100 elementor-top-column elementor-element elementor-element-4450f2 container background-transparent\" data-id=\"4450f2\" data-element_type=\"column\">\n\t\t\t<div class=\"elementor-widget-wrap elementor-element-populated\">\n\t\t\t\t\t\t<div class=\"elementor-element elementor-element-3c6c8820 elementor-align-left background-transparent elementor-widget elementor-widget-dsn_heading\" data-id=\"3c6c8820\" data-element_type=\"widget\" data-widget_type=\"dsn_heading.default\">\n\t\t\t\t<div class=\"elementor-widget-container\">\n\t\t\t\t\t<h1 class=\"title-h2 dsn-heading-title d-inline-block p-relative     \">\u00bfQui\u00e9nes somos?<\/h1>\t\t\t\t<\/div>\n\t\t\t\t<\/div>\n\t\t\t\t\t<\/div>\n\t\t<\/div>\n\t\t\t\t\t<\/div>\n\t\t<\/header>\n\t\t\t\t<div class=\"elementor-section elementor-top-section elementor-element elementor-element-1874b457 pb-section background-section elementor-section-full_width elementor-section-height-default elementor-section-height-default\" data-id=\"1874b457\" data-element_type=\"section\" data-settings=\"{&quot;background_background&quot;:&quot;classic&quot;}\">\n\t\t\t\t\t\t<div class=\"elementor-container elementor-column-gap-no\">\n\t\t\t\t\t<div class=\"elementor-column elementor-col-50 elementor-top-column elementor-element elementor-element-3d40e800 container background-transparent\" data-id=\"3d40e800\" data-element_type=\"column\">\n\t\t\t<div class=\"elementor-widget-wrap elementor-element-populated\">\n\t\t\t\t\t\t<div class=\"elementor-section elementor-inner-section elementor-element elementor-element-75c4101f elementor-section-full_width background-transparent elementor-section-height-default elementor-section-height-default\" data-id=\"75c4101f\" data-element_type=\"section\">\n\t\t\t\t\t\t<div class=\"elementor-container elementor-column-gap-no\">\n\t\t\t\t\t<div class=\"elementor-column elementor-col-100 elementor-inner-column elementor-element elementor-element-5692afb5 background-transparent\" data-id=\"5692afb5\" data-element_type=\"column\">\n\t\t\t<div class=\"elementor-widget-wrap elementor-element-populated\">\n\t\t\t\t\t\t<div class=\"elementor-element elementor-element-32f9c568 elementor-widget elementor-widget-text-editor\" data-id=\"32f9c568\" data-element_type=\"widget\" data-widget_type=\"text-editor.default\">\n\t\t\t\t<div class=\"elementor-widget-container\">\n\t\t\t\t\t\t\t\t\t<p>Somos un equipo de trabajo que cree en las libertades individuales y los Estados limitados como el pilar fundamental para el desarrollo de un sistema democr\u00e1tico, formado por personas que buscan contrarrestar las amenazas que enfrenta la civilizaci\u00f3n occidental. Creemos en la competencia, la meritocracia, el libre mercado y la familia como el n\u00facleo m\u00e1s importante para la generaci\u00f3n de prosperidad.<br \/><br \/>Impulsamos candidatos, partidos e instituciones que deseen implementar medidas respaldadas por las ciencias econ\u00f3micas y la evidencia hist\u00f3rica que permitan reducir dr\u00e1sticamente la pobreza y el clientelismo pol\u00edtico, brindando a todas las personas oportunidades para progresar basado en su propio esfuerzo, con el objetivo de que puedan atender a sus familias sin la necesidad de implorar por las d\u00e1divas de pol\u00edticos y el Estado.<\/p>\t\t\t\t\t\t\t\t<\/div>\n\t\t\t\t<\/div>\n\t\t\t\t<div class=\"elementor-element elementor-element-9fff43e elementor-widget elementor-widget-spacer\" data-id=\"9fff43e\" data-element_type=\"widget\" data-widget_type=\"spacer.default\">\n\t\t\t\t<div class=\"elementor-widget-container\">\n\t\t\t\t\t\t\t<div class=\"elementor-spacer\">\n\t\t\t<div class=\"elementor-spacer-inner\"><\/div>\n\t\t<\/div>\n\t\t\t\t\t\t<\/div>\n\t\t\t\t<\/div>\n\t\t\t\t\t<\/div>\n\t\t<\/div>\n\t\t\t\t\t<\/div>\n\t\t<\/div>\n\t\t\t\t\t<\/div>\n\t\t<\/div>\n\t\t\t\t<div class=\"elementor-column elementor-col-50 elementor-top-column elementor-element elementor-element-775133a5 background-transparent\" data-id=\"775133a5\" data-element_type=\"column\" data-settings=\"{&quot;background_background&quot;:&quot;slideshow&quot;,&quot;background_slideshow_gallery&quot;:[{&quot;id&quot;:12482,&quot;url&quot;:&quot;http:\\\/\\\/regionalrenaissance.com\\\/wp-content\\\/uploads\\\/2023\\\/02\\\/Atlas-sin-fondo-2.png&quot;}],&quot;background_slideshow_loop&quot;:&quot;yes&quot;,&quot;background_slideshow_slide_duration&quot;:5000,&quot;background_slideshow_slide_transition&quot;:&quot;fade&quot;,&quot;background_slideshow_transition_duration&quot;:500}\">\n\t\t\t<div class=\"elementor-widget-wrap elementor-element-populated\">\n\t\t\t\t\t\t<div class=\"elementor-element elementor-element-88da631 elementor-widget elementor-widget-spacer\" data-id=\"88da631\" data-element_type=\"widget\" data-widget_type=\"spacer.default\">\n\t\t\t\t<div class=\"elementor-widget-container\">\n\t\t\t\t\t\t\t<div class=\"elementor-spacer\">\n\t\t\t<div class=\"elementor-spacer-inner\"><\/div>\n\t\t<\/div>\n\t\t\t\t\t\t<\/div>\n\t\t\t\t<\/div>\n\t\t\t\t\t<\/div>\n\t\t<\/div>\n\t\t\t\t\t<\/div>\n\t\t<\/div>\n\t\t\t\t<section class=\"elementor-section elementor-top-section elementor-element elementor-element-P7fwJSQh section-margin container elementor-section-full_width background-transparent elementor-section-height-default elementor-section-height-default\" data-id=\"P7fwJSQh\" data-element_type=\"section\">\n\t\t\t\t\t\t<div class=\"elementor-container elementor-column-gap-no\">\n\t\t\t\t\t<div class=\"elementor-column elementor-col-50 elementor-top-column elementor-element elementor-element-550e5ca3 background-transparent\" data-id=\"550e5ca3\" data-element_type=\"column\" data-settings=\"{&quot;background_background&quot;:&quot;slideshow&quot;,&quot;background_slideshow_gallery&quot;:[{&quot;id&quot;:12465,&quot;url&quot;:&quot;http:\\\/\\\/regionalrenaissance.com\\\/wp-content\\\/uploads\\\/2023\\\/02\\\/Heracles-Cropped.png&quot;}],&quot;background_slideshow_loop&quot;:&quot;yes&quot;,&quot;background_slideshow_slide_duration&quot;:5000,&quot;background_slideshow_slide_transition&quot;:&quot;fade&quot;,&quot;background_slideshow_transition_duration&quot;:500}\">\n\t\t\t<div class=\"elementor-widget-wrap elementor-element-populated\">\n\t\t\t\t\t\t<div class=\"elementor-element elementor-element-32ab29f elementor-widget elementor-widget-spacer\" data-id=\"32ab29f\" data-element_type=\"widget\" data-widget_type=\"spacer.default\">\n\t\t\t\t<div class=\"elementor-widget-container\">\n\t\t\t\t\t\t\t<div class=\"elementor-spacer\">\n\t\t\t<div class=\"elementor-spacer-inner\"><\/div>\n\t\t<\/div>\n\t\t\t\t\t\t<\/div>\n\t\t\t\t<\/div>\n\t\t\t\t\t<\/div>\n\t\t<\/div>\n\t\t\t\t<div class=\"elementor-column elementor-col-50 elementor-top-column elementor-element elementor-element-47e221b0 background-transparent\" data-id=\"47e221b0\" data-element_type=\"column\">\n\t\t\t<div class=\"elementor-widget-wrap elementor-element-populated\">\n\t\t\t\t\t\t<div class=\"elementor-element elementor-element-1cdf1fdb background-transparent elementor-widget elementor-widget-dsn_heading\" data-id=\"1cdf1fdb\" data-element_type=\"widget\" data-widget_type=\"dsn_heading.default\">\n\t\t\t\t<div class=\"elementor-widget-container\">\n\t\t\t\t\t<h6 class=\"title-h2 dsn-heading-title d-inline-block p-relative  heading-color   \">\u00bfQu\u00e9 hacemos?<\/h6>\t\t\t\t<\/div>\n\t\t\t\t<\/div>\n\t\t\t\t<div class=\"elementor-element elementor-element-6509511 elementor-widget elementor-widget-text-editor\" data-id=\"6509511\" data-element_type=\"widget\" data-widget_type=\"text-editor.default\">\n\t\t\t\t<div class=\"elementor-widget-container\">\n\t\t\t\t\t\t\t\t\t<p>Analizamos, investigamos, informamos, comunicamos y asesoramos. Queremos crear una red de activistas y pol\u00edticos en todos los pa\u00edses de habla hispana y Estados Unidos, para que puedan acceder a posiciones de poder en las distintas naciones de la regi\u00f3n y en todos los niveles administrativos, con el prop\u00f3sito de contrarrestar la penetraci\u00f3n de doctrinas colectivistas y totalitarias que atentan contra la estabilidad, la ley y la prosperidad de Occidente.<\/p>\t\t\t\t\t\t\t\t<\/div>\n\t\t\t\t<\/div>\n\t\t\t\t<div class=\"elementor-element elementor-element-eba67be background-transparent elementor-widget elementor-widget-dsn_heading\" data-id=\"eba67be\" data-element_type=\"widget\" data-widget_type=\"dsn_heading.default\">\n\t\t\t\t<div class=\"elementor-widget-container\">\n\t\t\t\t\t<h6 class=\"title-h2 dsn-heading-title d-inline-block p-relative  heading-color   \">\u00bfC\u00f3mo lo hacemos?<\/h6>\t\t\t\t<\/div>\n\t\t\t\t<\/div>\n\t\t\t\t<div class=\"elementor-element elementor-element-9d796fe elementor-widget elementor-widget-text-editor\" data-id=\"9d796fe\" data-element_type=\"widget\" data-widget_type=\"text-editor.default\">\n\t\t\t\t<div class=\"elementor-widget-container\">\n\t\t\t\t\t\t\t\t\t<p>Creamos estrategias comunicacionales que permiten contrarrestar las narrativas preestablecidas de los medios de comunicaci\u00f3n corporativos, actualmente cooptados por activistas de izquierda que de forma recurrente falsean y manipulan la informaci\u00f3n con la intenci\u00f3n de favorecer los Estados sobredimensionados y totalitarios. Fomentamos debates y la participaci\u00f3n ciudadana a trav\u00e9s de espacios digitales otorgando al p\u00fablico informaci\u00f3n contrastable que les permita llegar a conclusiones propias.<\/p><p>\u00a0 <br \/>Realizamos investigaciones profundas basadas en datos cuantitativos y cualitativos que nos permiten crear, no solo campa\u00f1as comunicacionales, sino tambi\u00e9n, proyectos de ley y pol\u00edticas para fomentar el crecimiento econ\u00f3mico, la paz y prosperidad de las naciones del hemisferio occidental.<\/p>\t\t\t\t\t\t\t\t<\/div>\n\t\t\t\t<\/div>\n\t\t\t\t\t<\/div>\n\t\t<\/div>\n\t\t\t\t\t<\/div>\n\t\t<\/section>\n\t\t\t\t<section class=\"elementor-section elementor-top-section elementor-element elementor-element-40756ba7 section-margin dsn-container dsn-left-container elementor-section-full_width background-transparent elementor-section-height-default elementor-section-height-default\" data-id=\"40756ba7\" data-element_type=\"section\">\n\t\t\t\t\t\t<div class=\"elementor-container elementor-column-gap-no\">\n\t\t\t\t\t<div class=\"elementor-column elementor-col-50 elementor-top-column elementor-element elementor-element-65c9951d background-transparent\" data-id=\"65c9951d\" data-element_type=\"column\">\n\t\t\t<div class=\"elementor-widget-wrap elementor-element-populated\">\n\t\t\t\t\t\t<div class=\"elementor-element elementor-element-7baef2cf elementor-widget elementor-widget-image\" data-id=\"7baef2cf\" data-element_type=\"widget\" data-widget_type=\"image.default\">\n\t\t\t\t<div class=\"elementor-widget-container\">\n\t\t\t\t\t\t\t\t\t\t\t\t\t\t\t<img fetchpriority=\"high\" decoding=\"async\" width=\"960\" height=\"960\" src=\"https:\/\/regionalrenaissance.com\/wp-content\/uploads\/2023\/02\/Emma-1024x1024.png\" class=\"attachment-large size-large wp-image-12086\" alt=\"\" srcset=\"https:\/\/regionalrenaissance.com\/wp-content\/uploads\/2023\/02\/Emma-1024x1024.png 1024w, https:\/\/regionalrenaissance.com\/wp-content\/uploads\/2023\/02\/Emma-300x300.png 300w, https:\/\/regionalrenaissance.com\/wp-content\/uploads\/2023\/02\/Emma-150x150.png 150w, https:\/\/regionalrenaissance.com\/wp-content\/uploads\/2023\/02\/Emma-768x768.png 768w, https:\/\/regionalrenaissance.com\/wp-content\/uploads\/2023\/02\/Emma-1536x1536.png 1536w, https:\/\/regionalrenaissance.com\/wp-content\/uploads\/2023\/02\/Emma.png 2048w, https:\/\/regionalrenaissance.com\/wp-content\/uploads\/2023\/02\/Emma-1200x1200.png 1200w, https:\/\/regionalrenaissance.com\/wp-content\/uploads\/2023\/02\/Emma-880x880.png 880w, https:\/\/regionalrenaissance.com\/wp-content\/uploads\/2023\/02\/Emma-416x416.png 416w, https:\/\/regionalrenaissance.com\/wp-content\/uploads\/2023\/02\/Emma-100x100.png 100w\" sizes=\"(max-width: 960px) 100vw, 960px\" \/>\t\t\t\t\t\t\t\t\t\t\t\t\t\t\t<\/div>\n\t\t\t\t<\/div>\n\t\t\t\t\t<\/div>\n\t\t<\/div>\n\t\t\t\t<div class=\"elementor-column elementor-col-50 elementor-top-column elementor-element elementor-element-263f1e56 section-margin background-section\" data-id=\"263f1e56\" data-element_type=\"column\">\n\t\t\t<div class=\"elementor-widget-wrap elementor-element-populated\">\n\t\t\t\t\t\t<div class=\"elementor-element elementor-element-31b686b9 elementor-absolute elementor-hidden-tablet elementor-hidden-mobile elementor-widget__width-initial dsn-equal-height h-100 elementor-widget elementor-widget-dsn_bg_mask\" data-id=\"31b686b9\" data-element_type=\"widget\" data-settings=\"{&quot;_position&quot;:&quot;absolute&quot;}\" data-widget_type=\"dsn_bg_mask.default\">\n\t\t\t\t<div class=\"elementor-widget-container\">\n\t\t\t\t\t<div class=\"dsn-bg-mask  background-section\"><\/div>\t\t\t\t<\/div>\n\t\t\t\t<\/div>\n\t\t\t\t<div class=\"elementor-element elementor-element-6ada16c9 background-transparent elementor-widget elementor-widget-dsn_heading\" data-id=\"6ada16c9\" data-element_type=\"widget\" data-widget_type=\"dsn_heading.default\">\n\t\t\t\t<div class=\"elementor-widget-container\">\n\t\t\t\t\t<p class=\"sm-title-block dsn-heading-title d-inline-block p-relative  custom   \">CEO Y FUNDADOR<\/p>\t\t\t\t<\/div>\n\t\t\t\t<\/div>\n\t\t\t\t<div class=\"elementor-element elementor-element-452a0530 background-transparent elementor-widget elementor-widget-dsn_heading\" data-id=\"452a0530\" data-element_type=\"widget\" data-widget_type=\"dsn_heading.default\">\n\t\t\t\t<div class=\"elementor-widget-container\">\n\t\t\t\t\t<h3 class=\"title-h2 dsn-heading-title d-inline-block p-relative     \">Emmanuel Rinc\u00f3n<\/h3>\t\t\t\t<\/div>\n\t\t\t\t<\/div>\n\t\t\t\t<div class=\"elementor-element elementor-element-467bb73 elementor-widget elementor-widget-text-editor\" data-id=\"467bb73\" data-element_type=\"widget\" data-widget_type=\"text-editor.default\">\n\t\t\t\t<div class=\"elementor-widget-container\">\n\t\t\t\t\t\t\t\t\t<p>Emmanuel Rinc\u00f3n es escritor, abogado, periodista y comentarista pol\u00edtico, ha publicado 7 libros y cientos de art\u00edculos sobre pol\u00edtica en el hemisferio occidental, adem\u00e1s del libro de ensayo \u201cLa reinvenci\u00f3n ideol\u00f3gica de Am\u00e9rica Latina\u201d. Rinc\u00f3n suma m\u00e1s de 200.000 seguidores en Twitter, su cuenta se encuentra entre las 100 m\u00e1s influyentes del mundo seg\u00fan el ranking de Notus, promedia m\u00e1s de 120 millones de impresiones mensuales con alcance a millones de personas en todo el territorio hispanohablante. Ha trabajado y colaborado con diferentes medios de comunicaci\u00f3n, think tanks y agencias de marketing.<\/p>\t\t\t\t\t\t\t\t<\/div>\n\t\t\t\t<\/div>\n\t\t\t\t<div class=\"elementor-element elementor-element-1d97f3f5 e-grid-align-left elementor-shape-rounded elementor-grid-0 elementor-widget elementor-widget-social-icons\" data-id=\"1d97f3f5\" data-element_type=\"widget\" data-widget_type=\"social-icons.default\">\n\t\t\t\t<div class=\"elementor-widget-container\">\n\t\t\t\t\t\t\t<div class=\"elementor-social-icons-wrapper elementor-grid\">\n\t\t\t\t\t\t\t<span class=\"elementor-grid-item\">\n\t\t\t\t\t<a class=\"elementor-icon elementor-social-icon elementor-social-icon-twitter elementor-repeater-item-46b327d\" href=\"https:\/\/twitter.com\/EmmaRincon\" target=\"_blank\">\n\t\t\t\t\t\t<span class=\"elementor-screen-only\">Twitter<\/span>\n\t\t\t\t\t\t<i class=\"fab fa-twitter\"><\/i>\t\t\t\t\t<\/a>\n\t\t\t\t<\/span>\n\t\t\t\t\t\t\t<span class=\"elementor-grid-item\">\n\t\t\t\t\t<a class=\"elementor-icon elementor-social-icon elementor-social-icon-instagram elementor-repeater-item-9da6c6c\" href=\"https:\/\/www.instagram.com\/emmanuelrincon_\" target=\"_blank\">\n\t\t\t\t\t\t<span class=\"elementor-screen-only\">Instagram<\/span>\n\t\t\t\t\t\t<i class=\"fab fa-instagram\"><\/i>\t\t\t\t\t<\/a>\n\t\t\t\t<\/span>\n\t\t\t\t\t<\/div>\n\t\t\t\t\t\t<\/div>\n\t\t\t\t<\/div>\n\t\t\t\t\t<\/div>\n\t\t<\/div>\n\t\t\t\t\t<\/div>\n\t\t<\/section>\n\t\t\t\t<section class=\"elementor-section elementor-top-section elementor-element elementor-element-b8c18d3 background-transparent elementor-section-boxed elementor-section-height-default elementor-section-height-default\" data-id=\"b8c18d3\" data-element_type=\"section\">\n\t\t\t\t\t\t<div class=\"elementor-container elementor-column-gap-default\">\n\t\t\t\t\t<div class=\"elementor-column elementor-col-100 elementor-top-column elementor-element elementor-element-eb98fe3 background-transparent\" data-id=\"eb98fe3\" data-element_type=\"column\">\n\t\t\t<div class=\"elementor-widget-wrap elementor-element-populated\">\n\t\t\t\t\t\t<div class=\"elementor-element elementor-element-0a9f907 elementor-widget elementor-widget-text-editor\" data-id=\"0a9f907\" data-element_type=\"widget\" data-widget_type=\"text-editor.default\">\n\t\t\t\t<div class=\"elementor-widget-container\">\n\t\t\t\t\t\t\t\t\t<p>El trabajo y las opiniones de Emmanuel Rinc\u00f3n han sido rese\u00f1adas en: Fox News, The Daily Wire, Heritage Foundation, Foundation for Economic Education, National Review, The Epoch Times, ABC News Local 10, Diario Las Am\u00e9ricas, Orlando Sentinel, Yahoo News, MegaTV, EFE, Europa Press, Ntn24, W Radio, Revista Semana, RCN Radio, PanAm Post, El American, The Clinic, Clar\u00edn, La Naci\u00f3n, El Nacional, El Universal, Infobae, La Rep\u00fablica, Americano Media, Centro de Estudios Libertarios, entre otros.<\/p><p>\u00a0<\/p><p>Tambi\u00e9n ha recibido ataques de los m\u00e1s grandes \u201cwatchdogs\u201d izquierdistas estadounidenses como Media Matters y Logically.ai.<\/p>\t\t\t\t\t\t\t\t<\/div>\n\t\t\t\t<\/div>\n\t\t\t\t\t<\/div>\n\t\t<\/div>\n\t\t\t\t\t<\/div>\n\t\t<\/section>\n\t\t\t\t<section class=\"elementor-section elementor-top-section elementor-element elementor-element-TnuZgA7y section-margin container elementor-section-full_width pt-section background-transparent elementor-section-height-default elementor-section-height-default\" data-id=\"TnuZgA7y\" data-element_type=\"section\">\n\t\t\t\t\t\t<div class=\"elementor-container elementor-column-gap-no\">\n\t\t\t\t\t<div class=\"elementor-column elementor-col-50 elementor-top-column elementor-element elementor-element-765d5c7a background-transparent\" data-id=\"765d5c7a\" data-element_type=\"column\" id=\"dsn_edu\">\n\t\t\t<div class=\"elementor-widget-wrap elementor-element-populated\">\n\t\t\t\t\t\t<div class=\"elementor-element elementor-element-c897d81 background-transparent elementor-widget elementor-widget-dsn_heading\" data-id=\"c897d81\" data-element_type=\"widget\" data-widget_type=\"dsn_heading.default\">\n\t\t\t\t<div class=\"elementor-widget-container\">\n\t\t\t\t\t<h1 class=\"title-block dsn-heading-title d-inline-block p-relative    p-10 background-main \">EXPERIENCIA LABORAL<\/h1>\t\t\t\t<\/div>\n\t\t\t\t<\/div>\n\t\t\t\t<div class=\"elementor-element elementor-element-6f611cf8 elementor-widget elementor-widget-dsn_experience\" data-id=\"6f611cf8\" data-element_type=\"widget\" data-widget_type=\"dsn_experience.default\">\n\t\t\t\t<div class=\"elementor-widget-container\">\n\t\t\t\t\t\n<div class=\"dsn-resume\">\n\n\t\n\n        <div class=\"resume-item\">\n\t\t\t<h4 class=\"sm-title-block resume-title mb-15\">Regional Reinassance Consulting<\/h4><h6 class=\"resume-position\">CEO<\/h6>        <\/div>\n\n\n\t\n\n        <div class=\"resume-item\">\n\t\t\t<h4 class=\"sm-title-block resume-title mb-15\">Americano Media<\/h4><h6 class=\"resume-position\">Senior Editor<\/h6>        <\/div>\n\n\n\t\n\n        <div class=\"resume-item\">\n\t\t\t<h4 class=\"sm-title-block resume-title mb-15\">El American<\/h4><h6 class=\"resume-position\">Editor-at-large<\/h6>        <\/div>\n\n\n\t\n\n        <div class=\"resume-item\">\n\t\t\t<h4 class=\"sm-title-block resume-title mb-15\">PanAm Post<\/h4><h6 class=\"resume-position\">Senior Editor<\/h6>        <\/div>\n\n\n\t\n\n        <div class=\"resume-item\">\n\t\t\t<h4 class=\"sm-title-block resume-title mb-15\">J. Walter Thompson <\/h4><h6 class=\"resume-position\">Lead Content<\/h6>        <\/div>\n\n\n\t\n\n        <div class=\"resume-item\">\n\t\t\t<h4 class=\"sm-title-block resume-title mb-15\">Canal 21<\/h4><h6 class=\"resume-position\">Director ejecutivo<\/h6>        <\/div>\n\n\n\t\n<\/div>\t\t\t\t<\/div>\n\t\t\t\t<\/div>\n\t\t\t\t\t<\/div>\n\t\t<\/div>\n\t\t\t\t<div class=\"elementor-column elementor-col-50 elementor-top-column elementor-element elementor-element-dc7a8b1 background-transparent\" data-id=\"dc7a8b1\" data-element_type=\"column\">\n\t\t\t<div class=\"elementor-widget-wrap elementor-element-populated\">\n\t\t\t\t\t\t<div class=\"elementor-element elementor-element-957cd62 elementor-align-left background-transparent elementor-widget elementor-widget-dsn_heading\" data-id=\"957cd62\" data-element_type=\"widget\" data-widget_type=\"dsn_heading.default\">\n\t\t\t\t<div class=\"elementor-widget-container\">\n\t\t\t\t\t<h1 class=\"title-block dsn-heading-title d-inline-block p-relative    p-10 background-main \">EX-COLUMNISTA <\/h1>\t\t\t\t<\/div>\n\t\t\t\t<\/div>\n\t\t\t\t<div class=\"elementor-element elementor-element-c7dec11 elementor-widget elementor-widget-dsn_experience\" data-id=\"c7dec11\" data-element_type=\"widget\" data-widget_type=\"dsn_experience.default\">\n\t\t\t\t<div class=\"elementor-widget-container\">\n\t\t\t\t\t\n<div class=\"dsn-resume\">\n\n\t\n\n        <div class=\"resume-item\">\n\t\t\t<h4 class=\"sm-title-block resume-title mb-15\">Americano Media<\/h4>        <\/div>\n\n\n\t\n\n        <div class=\"resume-item\">\n\t\t\t<h4 class=\"sm-title-block resume-title mb-15\">Foundation for Economic Education (FEE)<\/h4>        <\/div>\n\n\n\t\n\n        <div class=\"resume-item\">\n\t\t\t<h4 class=\"sm-title-block resume-title mb-15\">El Nacional<\/h4>        <\/div>\n\n\n\t\n\n        <div class=\"resume-item\">\n\t\t\t<h4 class=\"sm-title-block resume-title mb-15\">El American<\/h4>        <\/div>\n\n\n\t\n\n        <div class=\"resume-item\">\n\t\t\t<h4 class=\"sm-title-block resume-title mb-15\">PanAm Post<\/h4>        <\/div>\n\n\n\t\n\n        <div class=\"resume-item\">\n\t\t\t<h4 class=\"sm-title-block resume-title mb-15\">Revista OJO<\/h4>        <\/div>\n\n\n\t\n\n        <div class=\"resume-item\">\n\t\t\t<h4 class=\"sm-title-block resume-title mb-15\">Diario La Naci\u00f3n<\/h4>        <\/div>\n\n\n\t\n<\/div>\t\t\t\t<\/div>\n\t\t\t\t<\/div>\n\t\t\t\t\t<\/div>\n\t\t<\/div>\n\t\t\t\t\t<\/div>\n\t\t<\/section>\n\t\t\t\t<\/div>\n\t\t","protected":false},"excerpt":{"rendered":"<p>\u00bfQui\u00e9nes somos? Somos un equipo de trabajo que cree en las libertades individuales y los Estados limitados como el pilar fundamental para el desarrollo de un sistema democr\u00e1tico, formado por personas que buscan contrarrestar las amenazas que enfrenta la civilizaci\u00f3n occidental. Creemos en la competencia, la meritocracia, el libre mercado y la familia como el [&hellip;]<\/p>\n","protected":false},"author":1,"featured_media":0,"parent":0,"menu_order":0,"comment_status":"closed","ping_status":"closed","template":"","meta":{"_monsterinsights_skip_tracking":false,"_monsterinsights_sitenote_active":false,"_monsterinsights_sitenote_note":"","_monsterinsights_sitenote_category":0,"footnotes":""},"aioseo_notices":[],"acf":[],"_links":{"self":[{"href":"https:\/\/regionalrenaissance.com\/en\/wp-json\/wp\/v2\/pages\/3747"}],"collection":[{"href":"https:\/\/regionalrenaissance.com\/en\/wp-json\/wp\/v2\/pages"}],"about":[{"href":"https:\/\/regionalrenaissance.com\/en\/wp-json\/wp\/v2\/types\/page"}],"author":[{"embeddable":true,"href":"https:\/\/regionalrenaissance.com\/en\/wp-json\/wp\/v2\/users\/1"}],"replies":[{"embeddable":true,"href":"https:\/\/regionalrenaissance.com\/en\/wp-json\/wp\/v2\/comments?post=3747"}],"version-history":[{"count":91,"href":"https:\/\/regionalrenaissance.com\/en\/wp-json\/wp\/v2\/pages\/3747\/revisions"}],"predecessor-version":[{"id":12738,"href":"https:\/\/regionalrenaissance.com\/en\/wp-json\/wp\/v2\/pages\/3747\/revisions\/12738"}],"wp:attachment":[{"href":"https:\/\/regionalrenaissance.com\/en\/wp-json\/wp\/v2\/media?parent=3747"}],"curies":[{"name":"wp","href":"https:\/\/api.w.org\/{rel}","templated":true}]}}