{"id":4054,"date":"2022-08-16T01:26:50","date_gmt":"2022-08-16T01:26:50","guid":{"rendered":"https:\/\/dsngrid.com\/blackdsn\/?page_id=4054"},"modified":"2023-02-13T19:13:57","modified_gmt":"2023-02-13T19:13:57","slug":"mision","status":"publish","type":"page","link":"https:\/\/regionalrenaissance.com\/en\/mision\/","title":{"rendered":"Mision"},"content":{"rendered":"\t\t<div data-elementor-type=\"wp-page\" data-elementor-id=\"4054\" class=\"elementor elementor-4054\">\n\t\t\t\t\t\t<header class=\"elementor-section elementor-top-section elementor-element elementor-element-91e2757 elementor-section-full_width background-transparent elementor-section-height-default elementor-section-height-default\" data-id=\"91e2757\" data-element_type=\"section\" data-settings=\"{&quot;background_background&quot;:&quot;classic&quot;}\">\n\t\t\t\t\t\t\t<div class=\"elementor-background-overlay\"><\/div>\n\t\t\t\t\t\t\t<div class=\"elementor-container elementor-column-gap-no\">\n\t\t\t\t\t<div class=\"elementor-column elementor-col-100 elementor-top-column elementor-element elementor-element-d8723db container background-transparent\" data-id=\"d8723db\" data-element_type=\"column\">\n\t\t\t<div class=\"elementor-widget-wrap elementor-element-populated\">\n\t\t\t\t\t\t<div class=\"elementor-element elementor-element-aef0550 background-transparent elementor-widget elementor-widget-dsn_heading\" data-id=\"aef0550\" data-element_type=\"widget\" data-widget_type=\"dsn_heading.default\">\n\t\t\t\t<div class=\"elementor-widget-container\">\n\t\t\t\t\t<h1 class=\"title-h2 dsn-heading-title d-inline-block p-relative     \">Nuestra <br> misi\u00f3n<\/h1>\t\t\t\t<\/div>\n\t\t\t\t<\/div>\n\t\t\t\t\t<\/div>\n\t\t<\/div>\n\t\t\t\t\t<\/div>\n\t\t<\/header>\n\t\t\t\t<div class=\"elementor-section elementor-top-section elementor-element elementor-element-25b07b1 elementor-section-full_width background-transparent elementor-section-height-default elementor-section-height-default\" data-id=\"25b07b1\" data-element_type=\"section\">\n\t\t\t\t\t\t<div class=\"elementor-container elementor-column-gap-no\">\n\t\t\t\t\t<div class=\"elementor-column elementor-col-100 elementor-top-column elementor-element elementor-element-d1902e4 background-transparent\" data-id=\"d1902e4\" data-element_type=\"column\">\n\t\t\t<div class=\"elementor-widget-wrap elementor-element-populated\">\n\t\t\t\t\t\t<div class=\"elementor-element elementor-element-b087367 elementor-widget elementor-widget-video\" data-id=\"b087367\" data-element_type=\"widget\" data-settings=\"{&quot;video_type&quot;:&quot;hosted&quot;,&quot;autoplay&quot;:&quot;yes&quot;,&quot;play_on_mobile&quot;:&quot;yes&quot;,&quot;mute&quot;:&quot;yes&quot;,&quot;loop&quot;:&quot;yes&quot;}\" data-widget_type=\"video.default\">\n\t\t\t\t<div class=\"elementor-widget-container\">\n\t\t\t\t\t\t\t<div class=\"e-hosted-video elementor-wrapper elementor-open-inline\">\n\t\t\t\t\t<video class=\"elementor-video\" src=\"https:\/\/regionalrenaissance.com\/wp-content\/uploads\/2023\/02\/RR-Promo.mp4\" autoplay=\"\" loop=\"\" muted=\"muted\" playsinline=\"\" controlsList=\"nodownload\"><\/video>\n\t\t\t\t<\/div>\n\t\t\t\t\t\t<\/div>\n\t\t\t\t<\/div>\n\t\t\t\t\t<\/div>\n\t\t<\/div>\n\t\t\t\t\t<\/div>\n\t\t<\/div>\n\t\t\t\t<section class=\"elementor-section elementor-top-section elementor-element elementor-element-5dbb612d background-transparent elementor-section-boxed elementor-section-height-default elementor-section-height-default\" data-id=\"5dbb612d\" data-element_type=\"section\">\n\t\t\t\t\t\t<div class=\"elementor-container elementor-column-gap-default\">\n\t\t\t\t\t<div class=\"elementor-column elementor-col-50 elementor-top-column elementor-element elementor-element-5841ffdd background-transparent\" data-id=\"5841ffdd\" data-element_type=\"column\" data-settings=\"{&quot;background_background&quot;:&quot;slideshow&quot;,&quot;background_slideshow_gallery&quot;:[{&quot;id&quot;:12691,&quot;url&quot;:&quot;https:\\\/\\\/regionalrenaissance.com\\\/wp-content\\\/uploads\\\/2023\\\/02\\\/La-Creacion-Cropped-1.png&quot;}],&quot;background_slideshow_loop&quot;:&quot;yes&quot;,&quot;background_slideshow_slide_duration&quot;:5000,&quot;background_slideshow_slide_transition&quot;:&quot;fade&quot;,&quot;background_slideshow_transition_duration&quot;:500}\">\n\t\t\t<div class=\"elementor-widget-wrap elementor-element-populated\">\n\t\t\t\t\t\t<div class=\"elementor-element elementor-element-fe04467 elementor-widget elementor-widget-spacer\" data-id=\"fe04467\" data-element_type=\"widget\" data-widget_type=\"spacer.default\">\n\t\t\t\t<div class=\"elementor-widget-container\">\n\t\t\t\t\t\t\t<div class=\"elementor-spacer\">\n\t\t\t<div class=\"elementor-spacer-inner\"><\/div>\n\t\t<\/div>\n\t\t\t\t\t\t<\/div>\n\t\t\t\t<\/div>\n\t\t\t\t\t<\/div>\n\t\t<\/div>\n\t\t\t\t<div class=\"elementor-column elementor-col-50 elementor-top-column elementor-element elementor-element-452c16f5 background-transparent\" data-id=\"452c16f5\" data-element_type=\"column\">\n\t\t\t<div class=\"elementor-widget-wrap elementor-element-populated\">\n\t\t\t\t\t\t<div class=\"elementor-element elementor-element-e9f391c elementor-widget elementor-widget-spacer\" data-id=\"e9f391c\" data-element_type=\"widget\" data-widget_type=\"spacer.default\">\n\t\t\t\t<div class=\"elementor-widget-container\">\n\t\t\t\t\t\t\t<div class=\"elementor-spacer\">\n\t\t\t<div class=\"elementor-spacer-inner\"><\/div>\n\t\t<\/div>\n\t\t\t\t\t\t<\/div>\n\t\t\t\t<\/div>\n\t\t\t\t<div class=\"elementor-element elementor-element-2f8ea1e elementor-widget elementor-widget-text-editor\" data-id=\"2f8ea1e\" data-element_type=\"widget\" data-widget_type=\"text-editor.default\">\n\t\t\t\t<div class=\"elementor-widget-container\">\n\t\t\t\t\t\t\t\t\t<p>Queremos recuperar el sentido com\u00fan dentro de la pol\u00edtica y fomentar las libertades individuales como la base para la construcci\u00f3n de un sistema democr\u00e1tico inquebrantable donde todos sean parte a trav\u00e9s del m\u00e9rito y sus cualidades, y no por cuotas pol\u00edticas, raciales o de g\u00e9nero, que, a la larga deriva en corrupci\u00f3n, nepotismo, alta burocracia e ineficacia de las instituciones.<\/p><p><br \/>Creemos en la humanidad, creemos en el sentido com\u00fan, creemos en la soberan\u00eda nacional y las ciencias econ\u00f3micas. Buscamos dejar atr\u00e1s los proyectos fallidos de sociedades planificadas por bur\u00f3cratas que han ocasionado tantas hambrunas y represi\u00f3n a lo largo de la historia.<\/p>\t\t\t\t\t\t\t\t<\/div>\n\t\t\t\t<\/div>\n\t\t\t\t<div class=\"elementor-element elementor-element-78f1f28 elementor-widget elementor-widget-spacer\" data-id=\"78f1f28\" data-element_type=\"widget\" data-widget_type=\"spacer.default\">\n\t\t\t\t<div class=\"elementor-widget-container\">\n\t\t\t\t\t\t\t<div class=\"elementor-spacer\">\n\t\t\t<div class=\"elementor-spacer-inner\"><\/div>\n\t\t<\/div>\n\t\t\t\t\t\t<\/div>\n\t\t\t\t<\/div>\n\t\t\t\t\t<\/div>\n\t\t<\/div>\n\t\t\t\t\t<\/div>\n\t\t<\/section>\n\t\t\t\t<section class=\"elementor-section elementor-top-section elementor-element elementor-element-d7f5530 background-transparent elementor-section-boxed elementor-section-height-default elementor-section-height-default\" data-id=\"d7f5530\" data-element_type=\"section\" data-settings=\"{&quot;background_background&quot;:&quot;classic&quot;}\">\n\t\t\t\t\t\t<div class=\"elementor-container elementor-column-gap-default\">\n\t\t\t\t\t<div class=\"elementor-column elementor-col-100 elementor-top-column elementor-element elementor-element-163ad41 background-transparent\" data-id=\"163ad41\" data-element_type=\"column\">\n\t\t\t<div class=\"elementor-widget-wrap elementor-element-populated\">\n\t\t\t\t\t\t<div data-dsn-animation=\"{&quot;from&quot;:[],&quot;to&quot;:[],&quot;option&quot;:{&quot;scrub&quot;:&quot;&quot;,&quot;pin&quot;:true,&quot;markers&quot;:false,&quot;start&quot;:&quot;80px&quot;,&quot;end&quot;:&quot;+=200-{{height}}&quot;,&quot;trigger&quot;:&quot;#element_pint&quot;},&quot;responsive&quot;:[&quot;desktop&quot;,&quot;tablet&quot;]}\" class=\"elementor-element elementor-element-372f1133 elementor-align-center background-transparent elementor-widget elementor-widget-dsn_heading\" data-id=\"372f1133\" data-element_type=\"widget\" data-widget_type=\"dsn_heading.default\">\n\t\t\t\t<div class=\"elementor-widget-container\">\n\t\t\t\t\t<span class=\"title-h2 dsn-heading-title d-inline-block p-relative  heading-color   \"><b>Rechazamos<\/b><\/span>\t\t\t\t<\/div>\n\t\t\t\t<\/div>\n\t\t\t\t<div class=\"elementor-element elementor-element-472ad09 elementor-widget elementor-widget-dsn_list\" data-id=\"472ad09\" data-element_type=\"widget\" data-widget_type=\"dsn_list.default\">\n\t\t\t\t<div class=\"elementor-widget-container\">\n\t\t\t\t\t<ul class=\"dsn-grid-layout  dsn-grid  dsn-list\" data-dsn-iso=\"472ad09\">    <li class=\"list-item grid-item d-flex align-items-center elementor-repeater-item-4d3f0de  background-transparent\" >\n\t\t            <span class=\"dsn-icon mr-15\"><i class=\"far fa-arrow-alt-circle-right\"><\/i><\/span>\n\t\t<p class=\"dsn-heading-title  \">El racismo y sexismo en todas sus formas, incluyendo el impulsado por instituciones a trav\u00e9s de la discriminaci\u00f3n positiva que busca presentar a las mujeres o minor\u00edas como individuos inferiores. <\/p>\n\n    <\/li>\n\n\n    <li class=\"list-item grid-item d-flex align-items-center elementor-repeater-item-427fbb2  background-transparent\" >\n\t\t            <span class=\"dsn-icon mr-15\"><i class=\"far fa-arrow-alt-circle-right\"><\/i><\/span>\n\t\t<p class=\"dsn-heading-title  \">El populismo redistributivo como panacea a los males de la humanidad. <\/p>\n\n    <\/li>\n\n\n    <li class=\"list-item grid-item d-flex align-items-center elementor-repeater-item-ec2d226  background-transparent\" >\n\t\t            <span class=\"dsn-icon mr-15\"><i class=\"far fa-arrow-alt-circle-right\"><\/i><\/span>\n\t\t<p class=\"dsn-heading-title  \">La satanizaci\u00f3n de las riquezas, el emprendimiento y el trabajo. <\/p>\n\n    <\/li>\n\n\n    <li class=\"list-item grid-item d-flex align-items-center elementor-repeater-item-a079161  background-transparent\" >\n\t\t            <span class=\"dsn-icon mr-15\"><i class=\"far fa-arrow-alt-circle-right\"><\/i><\/span>\n\t\t<p class=\"dsn-heading-title  \">El poder excesivo que se ha traspasado a bur\u00f3cratas de organismos internacionales que hoy atentan contra la soberan\u00eda nacional de los Estados.<\/p>\n\n    <\/li>\n\n\n    <li class=\"list-item grid-item d-flex align-items-center elementor-repeater-item-caf5470  background-transparent\" >\n\t\t            <span class=\"dsn-icon mr-15\"><i class=\"far fa-arrow-alt-circle-right\"><\/i><\/span>\n\t\t<p class=\"dsn-heading-title  \">Los intentos por satanizar y destruir a la familia tradicional como el n\u00facleo fundamental para el progreso de las naciones.<\/p>\n\n    <\/li>\n\n\n    <li class=\"list-item grid-item d-flex align-items-center elementor-repeater-item-18c3a64  background-transparent\" >\n\t\t            <span class=\"dsn-icon mr-15\"><i class=\"far fa-arrow-alt-circle-right\"><\/i><\/span>\n\t\t<p class=\"dsn-heading-title  \">El adoctrinamiento y la sexualizaci\u00f3n infantil.<\/p>\n\n    <\/li>\n\n\n    <li class=\"list-item grid-item d-flex align-items-center elementor-repeater-item-64145fc  background-transparent\" >\n\t\t            <span class=\"dsn-icon mr-15\"><i class=\"far fa-arrow-alt-circle-right\"><\/i><\/span>\n\t\t<p class=\"dsn-heading-title  \">Los Gobiernos y legislaciones que proveen un poder infinito a los bur\u00f3cratas sobre las vidas privadas de los ciudadanos.<\/p>\n\n    <\/li>\n\n\n<\/ul>\t\t\t\t<\/div>\n\t\t\t\t<\/div>\n\t\t\t\t\t<\/div>\n\t\t<\/div>\n\t\t\t\t\t<\/div>\n\t\t<\/section>\n\t\t\t\t<\/div>\n\t\t","protected":false},"excerpt":{"rendered":"<p>Nuestra misi\u00f3n https:\/\/regionalrenaissance.com\/wp-content\/uploads\/2023\/02\/RR-Promo.mp4 Queremos recuperar el sentido com\u00fan dentro de la pol\u00edtica y fomentar las libertades individuales como la base para la construcci\u00f3n de un sistema democr\u00e1tico inquebrantable donde todos sean parte a trav\u00e9s del m\u00e9rito y sus cualidades, y no por cuotas pol\u00edticas, raciales o de g\u00e9nero, que, a la larga deriva en corrupci\u00f3n, [&hellip;]<\/p>\n","protected":false},"author":1,"featured_media":0,"parent":0,"menu_order":0,"comment_status":"closed","ping_status":"closed","template":"","meta":{"_monsterinsights_skip_tracking":false,"_monsterinsights_sitenote_active":false,"_monsterinsights_sitenote_note":"","_monsterinsights_sitenote_category":0,"footnotes":""},"aioseo_notices":[],"acf":[],"_links":{"self":[{"href":"https:\/\/regionalrenaissance.com\/en\/wp-json\/wp\/v2\/pages\/4054"}],"collection":[{"href":"https:\/\/regionalrenaissance.com\/en\/wp-json\/wp\/v2\/pages"}],"about":[{"href":"https:\/\/regionalrenaissance.com\/en\/wp-json\/wp\/v2\/types\/page"}],"author":[{"embeddable":true,"href":"https:\/\/regionalrenaissance.com\/en\/wp-json\/wp\/v2\/users\/1"}],"replies":[{"embeddable":true,"href":"https:\/\/regionalrenaissance.com\/en\/wp-json\/wp\/v2\/comments?post=4054"}],"version-history":[{"count":72,"href":"https:\/\/regionalrenaissance.com\/en\/wp-json\/wp\/v2\/pages\/4054\/revisions"}],"predecessor-version":[{"id":12697,"href":"https:\/\/regionalrenaissance.com\/en\/wp-json\/wp\/v2\/pages\/4054\/revisions\/12697"}],"wp:attachment":[{"href":"https:\/\/regionalrenaissance.com\/en\/wp-json\/wp\/v2\/media?parent=4054"}],"curies":[{"name":"wp","href":"https:\/\/api.w.org\/{rel}","templated":true}]}}